{"id":177,"date":"2019-08-06T10:09:28","date_gmt":"2019-08-06T10:09:28","guid":{"rendered":"https:\/\/santaoliva.al\/index.php\/junior-suite-with-terrace-sea-view-1st-building\/"},"modified":"2019-08-06T13:38:29","modified_gmt":"2019-08-06T13:38:29","slug":"junior-suite-with-terrace-sea-view-1st-building","status":"publish","type":"page","link":"https:\/\/santaoliva.al\/index.php\/junior-suite-with-terrace-sea-view-1st-building\/?lang=sq","title":{"rendered":"Suit\u00eb Junior me Tarrac\u00eb Pamje nga Deti &#8211; Nd\u00ebrtesa 1"},"content":{"rendered":"<div class=\"wpb-content-wrapper\"><p>[vc_row][vc_column width=&#8221;2\/3&#8243; offset=&#8221;vc_hidden-sm vc_hidden-xs&#8221;][vc_empty_space height=&#8221;40px&#8221;]<div id=\"ult-carousel-95724026369dce1935306b\" class=\"ult-carousel-wrapper   ult_horizontal\" data-gutter=\"15\" data-rtl=\"false\" ><div class=\"ult-carousel-103474503169dce19352f1f \" >[vc_single_image image=&#8221;103&#8243; img_size=&#8221;full&#8221; alignment=&#8221;center&#8221; style=&#8221;vc_box_shadow&#8221; image_hovers=&#8221;false&#8221;][vc_single_image image=&#8221;106&#8243; img_size=&#8221;full&#8221; alignment=&#8221;center&#8221; style=&#8221;vc_box_shadow&#8221; image_hovers=&#8221;false&#8221;][vc_single_image image=&#8221;108&#8243; img_size=&#8221;full&#8221; alignment=&#8221;center&#8221; style=&#8221;vc_box_shadow&#8221; image_hovers=&#8221;false&#8221;][vc_single_image image=&#8221;109&#8243; img_size=&#8221;full&#8221; alignment=&#8221;center&#8221; style=&#8221;vc_box_shadow&#8221; image_hovers=&#8221;false&#8221;][vc_single_image image=&#8221;110&#8243; img_size=&#8221;full&#8221; alignment=&#8221;center&#8221; style=&#8221;vc_box_shadow&#8221; image_hovers=&#8221;false&#8221;][vc_single_image image=&#8221;111&#8243; img_size=&#8221;full&#8221; alignment=&#8221;center&#8221; style=&#8221;vc_box_shadow&#8221; image_hovers=&#8221;false&#8221;][vc_single_image image=&#8221;114&#8243; img_size=&#8221;full&#8221; alignment=&#8221;center&#8221; style=&#8221;vc_box_shadow&#8221; image_hovers=&#8221;false&#8221;][vc_single_image image=&#8221;115&#8243; img_size=&#8221;full&#8221; alignment=&#8221;center&#8221; style=&#8221;vc_box_shadow&#8221; image_hovers=&#8221;false&#8221;][vc_single_image image=&#8221;113&#8243; img_size=&#8221;full&#8221; alignment=&#8221;center&#8221; style=&#8221;vc_box_shadow&#8221; image_hovers=&#8221;false&#8221;][vc_single_image image=&#8221;112&#8243; img_size=&#8221;full&#8221; alignment=&#8221;center&#8221; style=&#8221;vc_box_shadow&#8221; image_hovers=&#8221;false&#8221;]<\/div><\/div>\t\t\t<script type=\"text\/javascript\">\n\t\t\t\tjQuery(document).ready(function ($) {\n\t\t\t\t\tif( typeof jQuery('.ult-carousel-103474503169dce19352f1f').slick == \"function\"){\n\t\t\t\t\t\t$('.ult-carousel-103474503169dce19352f1f').slick({dots: false,autoplay: true,autoplaySpeed: \"2000\",speed: \"2000\",infinite: true,arrows: true,nextArrow: '<button type=\"button\" role=\"button\" aria-label=\"Next\" style=\"color:#848e54; font-size:20px;\" class=\"slick-next default\"><i class=\"ultsl-arrow-right6\"><\/i><\/button>',prevArrow: '<button type=\"button\" role=\"button\" aria-label=\"Previous\" style=\"color:#848e54; font-size:20px;\" class=\"slick-prev default\"><i class=\"ultsl-arrow-left6\"><\/i><\/button>',slidesToScroll:1,slidesToShow:1,swipe: true,draggable: true,touchMove: true,pauseOnHover: true,pauseOnFocus: false,responsive: [\n\t\t\t\t\t\t\t{\n\t\t\t\t\t\t\t  breakpoint: 1026,\n\t\t\t\t\t\t\t  settings: {\n\t\t\t\t\t\t\t\tslidesToShow: 1,\n\t\t\t\t\t\t\t\tslidesToScroll: 1,  \n\t\t\t\t\t\t\t  }\n\t\t\t\t\t\t\t},\n\t\t\t\t\t\t\t{\n\t\t\t\t\t\t\t  breakpoint: 1025,\n\t\t\t\t\t\t\t  settings: {\n\t\t\t\t\t\t\t\tslidesToShow: 1,\n\t\t\t\t\t\t\t\tslidesToScroll: 1\n\t\t\t\t\t\t\t  }\n\t\t\t\t\t\t\t},\n\t\t\t\t\t\t\t{\n\t\t\t\t\t\t\t  breakpoint: 760,\n\t\t\t\t\t\t\t  settings: {\n\t\t\t\t\t\t\t\tslidesToShow: 1,\n\t\t\t\t\t\t\t\tslidesToScroll: 1\n\t\t\t\t\t\t\t  }\n\t\t\t\t\t\t\t}\n\t\t\t\t\t\t],pauseOnDotsHover: true,customPaging: function(slider, i) {\n                   return '<i type=\"button\" style= \"color:#333333;\" class=\"ultsl-record\" data-role=\"none\"><\/i>';\n                },});\n\t\t\t\t\t}\n\t\t\t\t});\n\t\t\t<\/script>\n\t\t\t[\/vc_column][vc_column width=&#8221;1\/3&#8243; css=&#8221;.vc_custom_1565094168333{background-image: url(https:\/\/santaoliva.al\/wp-content\/uploads\/2019\/08\/frameee.jpg?id=104) !important;background-position: 0 0 !important;background-repeat: no-repeat !important;}&#8221; offset=&#8221;vc_hidden-sm vc_hidden-xs&#8221;][vc_empty_space height=&#8221;172px&#8221;][vc_custom_heading text=&#8221;Suit\u00eb Junior me Tarrac\u00eb&#8221; font_container=&#8221;tag:h3|text_align:center|color:%23333333&#8243; google_fonts=&#8221;font_family:Playfair%20Display%3Aregular%2Citalic%2C700%2C700italic%2C900%2C900italic|font_style:700%20bold%20regular%3A700%3Anormal&#8221;][vc_custom_heading text=&#8221;Pamje nga Deti &#8211; Nd\u00ebrtesa 1&#8243; font_container=&#8221;tag:h3|text_align:center|color:%23848e54&#8243; google_fonts=&#8221;font_family:Alex%20Brush%3Aregular|font_style:400%20regular%3A400%3Anormal&#8221;][vc_column_text css=&#8221;.vc_custom_1565098623069{padding-right: 22px !important;padding-left: 22px !important;}&#8221;]<\/p>\n<p style=\"font-family: 'Playfair Display', serif; text-align: center;\"><span style=\"color: #333333;\">Kjo suit\u00eb ka nj\u00eb ballkon, zon\u00eb q\u00ebndrimi dhe TV me ekran t\u00eb shesht\u00eb. Ky apartament \u00ebsht\u00eb perfekt p\u00ebr dy persona. Hotel Santa Oliva n\u00eb Ksamil ofron p\u00ebr turist\u00ebt dhoma t\u00eb mobiluara me kujdes, hap\u00ebsir\u00eb \u200b\u200bdhe pamje t\u00eb k\u00ebndshme. Kjo suit\u00eb \u00ebsht\u00eb e pajisur me aj\u00ebr t\u00eb kondicionuar, tarrac\u00eb, dollap dhe kolltuk.<\/span><\/p>\n<p>[\/vc_column_text][vc_btn title=&#8221;REZERVO&#8221; style=&#8221;custom&#8221; custom_background=&#8221;#848e54&#8243; custom_text=&#8221;#ffffff&#8221; shape=&#8221;square&#8221; align=&#8221;center&#8221;][\/vc_column][\/vc_row][vc_row][vc_column width=&#8221;1\/2&#8243; css=&#8221;.vc_custom_1565094670247{background-image: url(https:\/\/santaoliva.al\/wp-content\/uploads\/2019\/08\/frame-mobile.png?id=121) !important;background-position: 0 0 !important;background-repeat: no-repeat !important;}&#8221; offset=&#8221;vc_hidden-lg vc_hidden-md&#8221;][vc_empty_space height=&#8221;192px&#8221;][vc_custom_heading text=&#8221;Suit\u00eb Junior me Tarrac\u00eb&#8221; font_container=&#8221;tag:h3|text_align:center|color:%23333333&#8243; google_fonts=&#8221;font_family:Playfair%20Display%3Aregular%2Citalic%2C700%2C700italic%2C900%2C900italic|font_style:700%20bold%20regular%3A700%3Anormal&#8221; css=&#8221;.vc_custom_1565098643980{padding-left: 20px !important;}&#8221;][vc_custom_heading text=&#8221;Pamje nga Deti &#8211; Nd\u00ebrtesa 1&#8243; font_container=&#8221;tag:h3|text_align:center|color:%23848e54&#8243; google_fonts=&#8221;font_family:Alex%20Brush%3Aregular|font_style:400%20regular%3A400%3Anormal&#8221; css=&#8221;.vc_custom_1565098652871{padding-left: 20px !important;}&#8221;][vc_column_text css=&#8221;.vc_custom_1565098661571{padding-right: 20px !important;padding-left: 40px !important;}&#8221;]<\/p>\n<p style=\"font-family: 'Playfair Display', serif; text-align: center;\"><span style=\"color: #333333;\">Kjo suit\u00eb ka nj\u00eb ballkon, zon\u00eb q\u00ebndrimi dhe TV me ekran t\u00eb shesht\u00eb. Ky apartament \u00ebsht\u00eb perfekt p\u00ebr dy persona. Hotel Santa Oliva n\u00eb Ksamil ofron p\u00ebr turist\u00ebt dhoma t\u00eb mobiluara me kujdes, hap\u00ebsir\u00eb \u200b\u200bdhe pamje t\u00eb k\u00ebndshme. Kjo suit\u00eb \u00ebsht\u00eb e pajisur me aj\u00ebr t\u00eb kondicionuar, tarrac\u00eb, dollap dhe kolltuk.<\/span><\/p>\n<p>[\/vc_column_text][vc_empty_space height=&#8221;22px&#8221;][vc_btn title=&#8221;REZERVO&#8221; style=&#8221;custom&#8221; custom_background=&#8221;#848e54&#8243; custom_text=&#8221;#ffffff&#8221; shape=&#8221;square&#8221; align=&#8221;center&#8221; css=&#8221;.vc_custom_1565098668984{padding-left: 20px !important;}&#8221;][vc_empty_space height=&#8221;42px&#8221;][\/vc_column][vc_column width=&#8221;1\/2&#8243; offset=&#8221;vc_hidden-lg vc_hidden-md&#8221;]<div id=\"ult-carousel-361369829869dce193531a9\" class=\"ult-carousel-wrapper   ult_horizontal\" data-gutter=\"15\" data-rtl=\"false\" ><div class=\"ult-carousel-206433986069dce1935316d \" >[vc_single_image image=&#8221;103&#8243; img_size=&#8221;full&#8221; alignment=&#8221;center&#8221; style=&#8221;vc_box_shadow&#8221; image_hovers=&#8221;false&#8221;][vc_single_image image=&#8221;106&#8243; img_size=&#8221;full&#8221; alignment=&#8221;center&#8221; style=&#8221;vc_box_shadow&#8221; image_hovers=&#8221;false&#8221;][vc_single_image image=&#8221;108&#8243; img_size=&#8221;full&#8221; alignment=&#8221;center&#8221; style=&#8221;vc_box_shadow&#8221; image_hovers=&#8221;false&#8221;][vc_single_image image=&#8221;109&#8243; img_size=&#8221;full&#8221; alignment=&#8221;center&#8221; style=&#8221;vc_box_shadow&#8221; image_hovers=&#8221;false&#8221;][vc_single_image image=&#8221;110&#8243; img_size=&#8221;full&#8221; alignment=&#8221;center&#8221; style=&#8221;vc_box_shadow&#8221; image_hovers=&#8221;false&#8221;][vc_single_image image=&#8221;111&#8243; img_size=&#8221;full&#8221; alignment=&#8221;center&#8221; style=&#8221;vc_box_shadow&#8221; image_hovers=&#8221;false&#8221;][vc_single_image image=&#8221;114&#8243; img_size=&#8221;full&#8221; alignment=&#8221;center&#8221; style=&#8221;vc_box_shadow&#8221; image_hovers=&#8221;false&#8221;][vc_single_image image=&#8221;115&#8243; img_size=&#8221;full&#8221; alignment=&#8221;center&#8221; style=&#8221;vc_box_shadow&#8221; image_hovers=&#8221;false&#8221;][vc_single_image image=&#8221;113&#8243; img_size=&#8221;full&#8221; alignment=&#8221;center&#8221; style=&#8221;vc_box_shadow&#8221; image_hovers=&#8221;false&#8221;][vc_single_image image=&#8221;112&#8243; img_size=&#8221;full&#8221; alignment=&#8221;center&#8221; style=&#8221;vc_box_shadow&#8221; image_hovers=&#8221;false&#8221;]<\/div><\/div>\t\t\t<script type=\"text\/javascript\">\n\t\t\t\tjQuery(document).ready(function ($) {\n\t\t\t\t\tif( typeof jQuery('.ult-carousel-206433986069dce1935316d').slick == \"function\"){\n\t\t\t\t\t\t$('.ult-carousel-206433986069dce1935316d').slick({dots: false,autoplay: true,autoplaySpeed: \"2000\",speed: \"2000\",infinite: true,arrows: true,nextArrow: '<button type=\"button\" role=\"button\" aria-label=\"Next\" style=\"color:#848e54; font-size:20px;\" class=\"slick-next default\"><i class=\"ultsl-arrow-right6\"><\/i><\/button>',prevArrow: '<button type=\"button\" role=\"button\" aria-label=\"Previous\" style=\"color:#848e54; font-size:20px;\" class=\"slick-prev default\"><i class=\"ultsl-arrow-left6\"><\/i><\/button>',slidesToScroll:1,slidesToShow:1,swipe: true,draggable: true,touchMove: true,pauseOnHover: true,pauseOnFocus: false,responsive: [\n\t\t\t\t\t\t\t{\n\t\t\t\t\t\t\t  breakpoint: 1026,\n\t\t\t\t\t\t\t  settings: {\n\t\t\t\t\t\t\t\tslidesToShow: 1,\n\t\t\t\t\t\t\t\tslidesToScroll: 1,  \n\t\t\t\t\t\t\t  }\n\t\t\t\t\t\t\t},\n\t\t\t\t\t\t\t{\n\t\t\t\t\t\t\t  breakpoint: 1025,\n\t\t\t\t\t\t\t  settings: {\n\t\t\t\t\t\t\t\tslidesToShow: 1,\n\t\t\t\t\t\t\t\tslidesToScroll: 1\n\t\t\t\t\t\t\t  }\n\t\t\t\t\t\t\t},\n\t\t\t\t\t\t\t{\n\t\t\t\t\t\t\t  breakpoint: 760,\n\t\t\t\t\t\t\t  settings: {\n\t\t\t\t\t\t\t\tslidesToShow: 1,\n\t\t\t\t\t\t\t\tslidesToScroll: 1\n\t\t\t\t\t\t\t  }\n\t\t\t\t\t\t\t}\n\t\t\t\t\t\t],pauseOnDotsHover: true,customPaging: function(slider, i) {\n                   return '<i type=\"button\" style= \"color:#333333;\" class=\"ultsl-record\" data-role=\"none\"><\/i>';\n                },});\n\t\t\t\t\t}\n\t\t\t\t});\n\t\t\t<\/script>\n\t\t\t[\/vc_column][\/vc_row][vc_row][vc_column offset=&#8221;vc_hidden-lg vc_hidden-md&#8221;][vc_empty_space][\/vc_column][\/vc_row][vc_row bg_type=&#8221;bg_color&#8221; bg_override=&#8221;ex-full&#8221; bg_color_value=&#8221;#f4f4f4&#8243; css=&#8221;.vc_custom_1565093648766{margin-bottom: -70px !important;}&#8221;][vc_column width=&#8221;1\/4&#8243; css=&#8221;.vc_custom_1565093662281{border-right-width: 1px !important;border-right-color: #848e54 !important;border-right-style: dashed !important;}&#8221;][vc_single_image image=&#8221;116&#8243; img_size=&#8221;full&#8221; alignment=&#8221;center&#8221; image_hovers=&#8221;false&#8221;][vc_custom_heading text=&#8221;Sip\u00ebrfaqja 35 m\u00b2&#8221; font_container=&#8221;tag:h5|text_align:center|color:%23333333&#8243; google_fonts=&#8221;font_family:Playfair%20Display%3Aregular%2Citalic%2C700%2C700italic%2C900%2C900italic|font_style:400%20regular%3A400%3Anormal&#8221;][\/vc_column][vc_column width=&#8221;1\/4&#8243; css=&#8221;.vc_custom_1565093768523{border-right-width: 1px !important;border-right-color: #848e54 !important;border-right-style: dashed !important;}&#8221;][vc_single_image image=&#8221;117&#8243; img_size=&#8221;full&#8221; alignment=&#8221;center&#8221; image_hovers=&#8221;false&#8221;][vc_custom_heading text=&#8221;1 krevat dopio&#8221; font_container=&#8221;tag:h5|text_align:center|color:%23333333&#8243; google_fonts=&#8221;font_family:Playfair%20Display%3Aregular%2Citalic%2C700%2C700italic%2C900%2C900italic|font_style:400%20regular%3A400%3Anormal&#8221;][\/vc_column][vc_column width=&#8221;1\/4&#8243; css=&#8221;.vc_custom_1565093778726{border-right-width: 1px !important;border-right-color: #848e54 !important;border-right-style: dashed !important;}&#8221;][vc_single_image image=&#8221;118&#8243; img_size=&#8221;full&#8221; alignment=&#8221;center&#8221; image_hovers=&#8221;false&#8221;][vc_custom_heading text=&#8221;2 persona&#8221; font_container=&#8221;tag:h5|text_align:center|color:%23333333&#8243; google_fonts=&#8221;font_family:Playfair%20Display%3Aregular%2Citalic%2C700%2C700italic%2C900%2C900italic|font_style:400%20regular%3A400%3Anormal&#8221;][\/vc_column][vc_column width=&#8221;1\/4&#8243;][vc_single_image image=&#8221;119&#8243; img_size=&#8221;full&#8221; alignment=&#8221;center&#8221; image_hovers=&#8221;false&#8221;][vc_custom_heading text=&#8221;Pamje nga Deti&#8221; font_container=&#8221;tag:h5|text_align:center|color:%23333333&#8243; google_fonts=&#8221;font_family:Playfair%20Display%3Aregular%2Citalic%2C700%2C700italic%2C900%2C900italic|font_style:400%20regular%3A400%3Anormal&#8221;][\/vc_column][\/vc_row]<\/p>\n<\/div>","protected":false},"excerpt":{"rendered":"<p>[vc_row][vc_column width=&#8221;2\/3&#8243; offset=&#8221;vc_hidden-sm vc_hidden-xs&#8221;][vc_empty_space height=&#8221;40px&#8221;][\/vc_column][vc_column width=&#8221;1\/3&#8243; css=&#8221;.vc_custom_1565094168333{background-image: url(https:\/\/santaoliva.al\/wp-content\/uploads\/2019\/08\/frameee.jpg?id=104) !important;background-position: 0 0 !important;background-repeat: no-repeat !important;}&#8221; offset=&#8221;vc_hidden-sm vc_hidden-xs&#8221;][vc_empty_space height=&#8221;172px&#8221;][vc_custom_heading text=&#8221;Suit\u00eb Junior me Tarrac\u00eb&#8221; font_container=&#8221;tag:h3|text_align:center|color:%23333333&#8243; google_fonts=&#8221;font_family:Playfair%20Display%3Aregular%2Citalic%2C700%2C700italic%2C900%2C900italic|font_style:700%20bold%20regular%3A700%3Anormal&#8221;][vc_custom_heading text=&#8221;Pamje nga Deti &#8211; Nd\u00ebrtesa 1&#8243; font_container=&#8221;tag:h3|text_align:center|color:%23848e54&#8243; google_fonts=&#8221;font_family:Alex%20Brush%3Aregular|font_style:400%20regular%3A400%3Anormal&#8221;][vc_column_text css=&#8221;.vc_custom_1565098623069{padding-right: 22px !important;padding-left: 22px !important;}&#8221;] Kjo suit\u00eb ka nj\u00eb ballkon, zon\u00eb q\u00ebndrimi dhe TV me ekran t\u00eb shesht\u00eb. Ky apartament \u00ebsht\u00eb perfekt p\u00ebr dy&hellip;<\/p>\n","protected":false},"author":1,"featured_media":0,"parent":0,"menu_order":0,"comment_status":"closed","ping_status":"closed","template":"","meta":{"footnotes":""},"class_list":["post-177","page","type-page","status-publish","hentry","description-off"],"_links":{"self":[{"href":"https:\/\/santaoliva.al\/index.php\/wp-json\/wp\/v2\/pages\/177","targetHints":{"allow":["GET"]}}],"collection":[{"href":"https:\/\/santaoliva.al\/index.php\/wp-json\/wp\/v2\/pages"}],"about":[{"href":"https:\/\/santaoliva.al\/index.php\/wp-json\/wp\/v2\/types\/page"}],"author":[{"embeddable":true,"href":"https:\/\/santaoliva.al\/index.php\/wp-json\/wp\/v2\/users\/1"}],"replies":[{"embeddable":true,"href":"https:\/\/santaoliva.al\/index.php\/wp-json\/wp\/v2\/comments?post=177"}],"version-history":[{"count":3,"href":"https:\/\/santaoliva.al\/index.php\/wp-json\/wp\/v2\/pages\/177\/revisions"}],"predecessor-version":[{"id":186,"href":"https:\/\/santaoliva.al\/index.php\/wp-json\/wp\/v2\/pages\/177\/revisions\/186"}],"wp:attachment":[{"href":"https:\/\/santaoliva.al\/index.php\/wp-json\/wp\/v2\/media?parent=177"}],"curies":[{"name":"wp","href":"https:\/\/api.w.org\/{rel}","templated":true}]}}