{"id":161,"date":"2019-08-05T09:37:35","date_gmt":"2019-08-05T09:37:35","guid":{"rendered":"https:\/\/santaoliva.al\/index.php\/our-rooms\/"},"modified":"2019-08-06T13:28:46","modified_gmt":"2019-08-06T13:28:46","slug":"our-rooms","status":"publish","type":"page","link":"https:\/\/santaoliva.al\/index.php\/our-rooms\/?lang=sq","title":{"rendered":"DHOMAT TONA"},"content":{"rendered":"<div class=\"wpb-content-wrapper\"><p>[vc_row][vc_column width=&#8221;1\/2&#8243;][vc_single_image image=&#8221;58&#8243; img_size=&#8221;full&#8221; style=&#8221;vc_box_shadow&#8221; image_hovers=&#8221;false&#8221;][\/vc_column][vc_column width=&#8221;1\/2&#8243; css=&#8221;.vc_custom_1565020734078{background-image: url(https:\/\/santaoliva.al\/wp-content\/uploads\/2019\/08\/back-2.jpg?id=33) !important;background-position: 0 0 !important;background-repeat: no-repeat !important;}&#8221;][vc_empty_space height=&#8221;22px&#8221;][vc_custom_heading text=&#8221;Suite Junior me Tarrac\u00eb&#8221; font_container=&#8221;tag:h2|text_align:left|color:%23333333&#8243; google_fonts=&#8221;font_family:Playfair%20Display%3Aregular%2Citalic%2C700%2C700italic%2C900%2C900italic|font_style:700%20bold%20regular%3A700%3Anormal&#8221;][vc_custom_heading text=&#8221;Pamje nga Deti&#8221; font_container=&#8221;tag:h1|text_align:left|color:%23848e54&#8243; google_fonts=&#8221;font_family:Alex%20Brush%3Aregular|font_style:400%20regular%3A400%3Anormal&#8221;][vc_empty_space height=&#8221;22px&#8221;][vc_column_text]<\/p>\n<p style=\"font-family: 'Playfair Display', serif; text-align: left;\"><span style=\"color: #333333; font-size: 27px;\">Kjo suit\u00eb ka nj\u00eb ballkon, zon\u00eb q\u00ebndrimi dhe TV me ekran t\u00eb shesht\u00eb. Ky apartament \u00ebsht\u00eb perfekt p\u00ebr dy persona. Hotel Santa Oliva n\u00eb Ksamil ofron p\u00ebr turist\u00ebt dhoma t\u00eb mobiluara me kujdes, hap\u00ebsir\u00eb \u200b\u200bdhe pamje t\u00eb k\u00ebndshme. Dhoma \u00ebsht\u00eb e pajisur me aj\u00ebr t\u00eb kondicionuar, tarrac\u00eb, dollap dhe kolltuk.<\/span><\/p>\n<p>[\/vc_column_text][vc_btn title=&#8221;DETAJE&#8221; style=&#8221;custom&#8221; custom_background=&#8221;#848e54&#8243; custom_text=&#8221;#ffffff&#8221; shape=&#8221;square&#8221; align=&#8221;left&#8221;][vc_row_inner][vc_column_inner css=&#8221;.vc_custom_1565078667562{background-color: #848e54 !important;}&#8221;][vc_custom_heading text=&#8221;Shijoni Pushimet Q\u00eb Meritoni&#8221; font_container=&#8221;tag:h2|text_align:left|color:%23ffffff&#8221; google_fonts=&#8221;font_family:Alex%20Brush%3Aregular|font_style:400%20regular%3A400%3Anormal&#8221; css=&#8221;.vc_custom_1565097912749{margin-top: -20px !important;}&#8221;][\/vc_column_inner][\/vc_row_inner][\/vc_column][\/vc_row][vc_row][vc_column][vc_empty_space][\/vc_column][\/vc_row][vc_row][vc_column width=&#8221;1\/2&#8243; css=&#8221;.vc_custom_1565020734078{background-image: url(https:\/\/santaoliva.al\/wp-content\/uploads\/2019\/08\/back-2.jpg?id=33) !important;background-position: 0 0 !important;background-repeat: no-repeat !important;}&#8221;][vc_empty_space height=&#8221;22px&#8221;][vc_custom_heading text=&#8221;Suite me Tarrac\u00eb&#8221; font_container=&#8221;tag:h2|text_align:left|color:%23333333&#8243; google_fonts=&#8221;font_family:Playfair%20Display%3Aregular%2Citalic%2C700%2C700italic%2C900%2C900italic|font_style:700%20bold%20regular%3A700%3Anormal&#8221;][vc_custom_heading text=&#8221;Pamje nga Deti&#8221; font_container=&#8221;tag:h1|text_align:left|color:%23848e54&#8243; google_fonts=&#8221;font_family:Alex%20Brush%3Aregular|font_style:400%20regular%3A400%3Anormal&#8221;][vc_empty_space height=&#8221;22px&#8221;][vc_column_text]<\/p>\n<p style=\"font-family: 'Playfair Display', serif; text-align: left;\"><span style=\"color: #333333; font-size: 27px;\">Kjo suit\u00eb ka nj\u00eb ballkon, zon\u00eb q\u00ebndrimi dhe TV me ekran t\u00eb shesht\u00eb. Ky apartament \u00ebsht\u00eb perfekt p\u00ebr dy persona. Hotel Santa Oliva n\u00eb Ksamil ofron p\u00ebr turist\u00ebt dhoma t\u00eb mobiluara me kujdes, hap\u00ebsir\u00eb \u200b\u200bdhe pamje t\u00eb k\u00ebndshme. Dhoma \u00ebsht\u00eb e pajisur me aj\u00ebr t\u00eb kondicionuar, tarrac\u00eb, dollap dhe kolltuk.<\/span><\/p>\n<p>[\/vc_column_text][vc_btn title=&#8221;DETAJE&#8221; style=&#8221;custom&#8221; custom_background=&#8221;#848e54&#8243; custom_text=&#8221;#ffffff&#8221; shape=&#8221;square&#8221; align=&#8221;left&#8221;][vc_row_inner][vc_column_inner css=&#8221;.vc_custom_1565078667562{background-color: #848e54 !important;}&#8221;][vc_custom_heading text=&#8221;Shijoni Pushimet Q\u00eb Meritoni&#8221; font_container=&#8221;tag:h2|text_align:left|color:%23ffffff&#8221; google_fonts=&#8221;font_family:Alex%20Brush%3Aregular|font_style:400%20regular%3A400%3Anormal&#8221; css=&#8221;.vc_custom_1565097989813{margin-top: -20px !important;}&#8221;][\/vc_column_inner][\/vc_row_inner][\/vc_column][vc_column width=&#8221;1\/2&#8243;][vc_single_image image=&#8221;62&#8243; img_size=&#8221;full&#8221; style=&#8221;vc_box_shadow&#8221; image_hovers=&#8221;false&#8221;][\/vc_column][\/vc_row][vc_row][vc_column][vc_empty_space][\/vc_column][\/vc_row][vc_row][vc_column width=&#8221;1\/2&#8243;][vc_single_image image=&#8221;63&#8243; img_size=&#8221;full&#8221; style=&#8221;vc_box_shadow&#8221; image_hovers=&#8221;false&#8221;][\/vc_column][vc_column width=&#8221;1\/2&#8243; css=&#8221;.vc_custom_1565020734078{background-image: url(https:\/\/santaoliva.al\/wp-content\/uploads\/2019\/08\/back-2.jpg?id=33) !important;background-position: 0 0 !important;background-repeat: no-repeat !important;}&#8221;][vc_empty_space height=&#8221;22px&#8221;][vc_custom_heading text=&#8221;Apartament Me Nj\u00eb Dhom\u00eb&#8221; font_container=&#8221;tag:h2|text_align:left|color:%23333333&#8243; google_fonts=&#8221;font_family:Playfair%20Display%3Aregular%2Citalic%2C700%2C700italic%2C900%2C900italic|font_style:700%20bold%20regular%3A700%3Anormal&#8221;][vc_custom_heading text=&#8221;Me Ballkon &amp; Pamje nga Deti&#8221; font_container=&#8221;tag:h1|text_align:left|color:%23848e54&#8243; google_fonts=&#8221;font_family:Alex%20Brush%3Aregular|font_style:400%20regular%3A400%3Anormal&#8221;][vc_empty_space height=&#8221;22px&#8221;][vc_column_text]<\/p>\n<p style=\"font-family: 'Playfair Display', serif; text-align: justify;\"><span style=\"color: #333333; font-size: 27px;\">Ky apartament ka nj\u00eb ballkon, zon\u00eb q\u00ebndrimi dhe TV me ekran t\u00eb shesht\u00eb. Ky apartament \u00ebsht\u00eb perfekt p\u00ebr dy persona. Hotel Santa Oliva n\u00eb Ksamil ofron p\u00ebr turist\u00ebt dhoma t\u00eb mobiluara me kujdes, hap\u00ebsir\u00eb \u200b\u200bdhe pamje t\u00eb k\u00ebndshme. Dhoma \u00ebsht\u00eb e pajisur me aj\u00ebr t\u00eb kondicionuar, tarrac\u00eb, dollap dhe kolltuk.<\/span><\/p>\n<p>[\/vc_column_text][vc_btn title=&#8221;DETAJE&#8221; style=&#8221;custom&#8221; custom_background=&#8221;#848e54&#8243; custom_text=&#8221;#ffffff&#8221; shape=&#8221;square&#8221; align=&#8221;left&#8221;][vc_row_inner][vc_column_inner css=&#8221;.vc_custom_1565078667562{background-color: #848e54 !important;}&#8221;][vc_custom_heading text=&#8221;Shijoni Pushimet Q\u00eb Meritoni&#8221; font_container=&#8221;tag:h2|text_align:left|color:%23ffffff&#8221; google_fonts=&#8221;font_family:Alex%20Brush%3Aregular|font_style:400%20regular%3A400%3Anormal&#8221; css=&#8221;.vc_custom_1565098092021{margin-top: -20px !important;}&#8221;][\/vc_column_inner][\/vc_row_inner][\/vc_column][\/vc_row]<\/p>\n<\/div>","protected":false},"excerpt":{"rendered":"<p>[vc_row][vc_column width=&#8221;1\/2&#8243;][vc_single_image image=&#8221;58&#8243; img_size=&#8221;full&#8221; style=&#8221;vc_box_shadow&#8221; image_hovers=&#8221;false&#8221;][\/vc_column][vc_column width=&#8221;1\/2&#8243; css=&#8221;.vc_custom_1565020734078{background-image: url(https:\/\/santaoliva.al\/wp-content\/uploads\/2019\/08\/back-2.jpg?id=33) !important;background-position: 0 0 !important;background-repeat: no-repeat !important;}&#8221;][vc_empty_space height=&#8221;22px&#8221;][vc_custom_heading text=&#8221;Suite Junior me Tarrac\u00eb&#8221; font_container=&#8221;tag:h2|text_align:left|color:%23333333&#8243; google_fonts=&#8221;font_family:Playfair%20Display%3Aregular%2Citalic%2C700%2C700italic%2C900%2C900italic|font_style:700%20bold%20regular%3A700%3Anormal&#8221;][vc_custom_heading text=&#8221;Pamje nga Deti&#8221; font_container=&#8221;tag:h1|text_align:left|color:%23848e54&#8243; google_fonts=&#8221;font_family:Alex%20Brush%3Aregular|font_style:400%20regular%3A400%3Anormal&#8221;][vc_empty_space height=&#8221;22px&#8221;][vc_column_text] Kjo suit\u00eb ka nj\u00eb ballkon, zon\u00eb q\u00ebndrimi dhe TV me ekran t\u00eb shesht\u00eb. Ky apartament \u00ebsht\u00eb perfekt p\u00ebr dy persona. Hotel Santa Oliva n\u00eb Ksamil ofron p\u00ebr&hellip;<\/p>\n","protected":false},"author":1,"featured_media":0,"parent":0,"menu_order":0,"comment_status":"closed","ping_status":"closed","template":"","meta":{"footnotes":""},"class_list":["post-161","page","type-page","status-publish","hentry","description-off"],"_links":{"self":[{"href":"https:\/\/santaoliva.al\/index.php\/wp-json\/wp\/v2\/pages\/161","targetHints":{"allow":["GET"]}}],"collection":[{"href":"https:\/\/santaoliva.al\/index.php\/wp-json\/wp\/v2\/pages"}],"about":[{"href":"https:\/\/santaoliva.al\/index.php\/wp-json\/wp\/v2\/types\/page"}],"author":[{"embeddable":true,"href":"https:\/\/santaoliva.al\/index.php\/wp-json\/wp\/v2\/users\/1"}],"replies":[{"embeddable":true,"href":"https:\/\/santaoliva.al\/index.php\/wp-json\/wp\/v2\/comments?post=161"}],"version-history":[{"count":3,"href":"https:\/\/santaoliva.al\/index.php\/wp-json\/wp\/v2\/pages\/161\/revisions"}],"predecessor-version":[{"id":166,"href":"https:\/\/santaoliva.al\/index.php\/wp-json\/wp\/v2\/pages\/161\/revisions\/166"}],"wp:attachment":[{"href":"https:\/\/santaoliva.al\/index.php\/wp-json\/wp\/v2\/media?parent=161"}],"curies":[{"name":"wp","href":"https:\/\/api.w.org\/{rel}","templated":true}]}}