{"id":156,"date":"2019-08-05T09:37:04","date_gmt":"2019-08-05T09:37:04","guid":{"rendered":"https:\/\/santaoliva.al\/index.php\/home\/"},"modified":"2019-08-06T13:22:30","modified_gmt":"2019-08-06T13:22:30","slug":"home","status":"publish","type":"page","link":"https:\/\/santaoliva.al\/index.php\/home\/?lang=sq","title":{"rendered":"HOME"},"content":{"rendered":"<div class=\"wpb-content-wrapper\"><p>[vc_row bg_type=&#8221;image&#8221; parallax_style=&#8221;vcpb-default&#8221; bg_image_new=&#8221;id^33|url^https:\/\/santaoliva.al\/wp-content\/uploads\/2019\/08\/back-2.jpg|caption^null|alt^null|title^null|description^null&#8221; bg_image_repeat=&#8221;no-repeat&#8221; bg_override=&#8221;ex-full&#8221; css=&#8221;.vc_custom_1565001544897{margin-top: -70px !important;}&#8221;][vc_column][vc_empty_space][vc_custom_heading text=&#8221;SANTA OLIVA&#8221; font_container=&#8221;tag:h2|text_align:center|color:%23333333&#8243; google_fonts=&#8221;font_family:Playfair%20Display%3Aregular%2Citalic%2C700%2C700italic%2C900%2C900italic|font_style:400%20regular%3A400%3Anormal&#8221; el_class=&#8221;tx&#8221;][vc_empty_space height=&#8221;8px&#8221;][vc_custom_heading text=&#8221;Nj\u00eb Hotel me Pamje Fantastike&#8221; font_container=&#8221;tag:h2|text_align:center|color:%23848e54&#8243; google_fonts=&#8221;font_family:Alex%20Brush%3Aregular|font_style:400%20regular%3A400%3Anormal&#8221;][vc_empty_space height=&#8221;12px&#8221;][vc_row_inner][vc_column_inner width=&#8221;1\/4&#8243;][\/vc_column_inner][vc_column_inner width=&#8221;1\/2&#8243;][vc_column_text]<\/p>\n<p style=\"font-family: 'Playfair Display', serif; text-align: center;\"><span style=\"color: #333333;\">Me nj\u00eb tarrac\u00eb dhe pamje nga deti, Santa Oliva Suites \u00ebsht\u00eb e vendosur n\u00eb Ksamil, 8 km nga Parku Komb\u00ebtar i Butrintit. Me WiFi falas, ky hotel me 4 yje ofron nj\u00eb zon\u00eb private plazhi dhe nj\u00eb recepsion 24 or\u00ebsh. Stafi i hotelit gjithashtu organizon transportin n\u00eb aeroport.<\/span><\/p>\n<p>[\/vc_column_text][\/vc_column_inner][vc_column_inner width=&#8221;1\/4&#8243;][\/vc_column_inner][\/vc_row_inner][vc_empty_space height=&#8221;7px&#8221;][vc_btn title=&#8221;DHOMAT TONA&#8221; style=&#8221;custom&#8221; custom_background=&#8221;#848e54&#8243; custom_text=&#8221;#ffffff&#8221; shape=&#8221;square&#8221; align=&#8221;center&#8221;][vc_empty_space height=&#8221;22px&#8221;][\/vc_column][\/vc_row][vc_row][vc_column offset=&#8221;vc_hidden-sm vc_hidden-xs&#8221;][vc_custom_heading text=&#8221;DHOMAT TONA&#8221; font_container=&#8221;tag:h2|text_align:center|color:%23333333&#8243; google_fonts=&#8221;font_family:Playfair%20Display%3Aregular%2Citalic%2C700%2C700italic%2C900%2C900italic|font_style:400%20regular%3A400%3Anormal&#8221; el_class=&#8221;tx&#8221;][vc_empty_space height=&#8221;22px&#8221;]<div id=\"ult-carousel-250108167169dcc867804a4\" class=\"ult-carousel-wrapper   ult_horizontal\" data-gutter=\"15\" data-rtl=\"false\" ><div class=\"ult-carousel-247782380769dcc86780375 \" >[vc_row_inner][vc_column_inner width=&#8221;1\/2&#8243;][vc_single_image image=&#8221;43&#8243; img_size=&#8221;full&#8221; alignment=&#8221;center&#8221; image_hovers=&#8221;false&#8221;][\/vc_column_inner][vc_column_inner width=&#8221;1\/2&#8243;]<div class=\"ult-item-wrap\" data-animation=\"animated no-animation\"><div class=\"ult-content-box-container kuti\" >\t\t<div class=\"ult-content-box\" style=\"background-image:url(&#039;https:\/\/santaoliva.al\/wp-content\/uploads\/2019\/08\/frame.png&#039;);background-size: cover;background-repeat: repeat;background-position: center center;background-color: rgba(0, 0, 0, 0);box-shadow: px px px px none;-webkit-transition: all 700ms ease;-moz-transition: all 700ms ease;-ms-transition: all 700ms ease;-o-transition: all 700ms ease;transition: all 700ms ease;\"  data-hover_box_shadow=\"none\"    >[vc_empty_space height=&#8221;76px&#8221;][vc_custom_heading text=&#8221;Apartament Me Nj\u00eb Dhom\u00eb Pamje&#8221; font_container=&#8221;tag:h2|font_size:30|text_align:left|color:%23333333&#8243; google_fonts=&#8221;font_family:Playfair%20Display%3Aregular%2Citalic%2C700%2C700italic%2C900%2C900italic|font_style:400%20regular%3A400%3Anormal&#8221; css=&#8221;.vc_custom_1565097729318{padding-left: 44px !important;}&#8221;][vc_empty_space height=&#8221;12px&#8221;][vc_column_text css=&#8221;.vc_custom_1565097191000{padding-right: 65px !important;padding-left: 44px !important;}&#8221;]<\/p>\n<p style=\"font-family: 'Playfair Display', serif; text-align: left;\"><span style=\"color: #333333;\">Ky apartament ka nj\u00eb ballkon, zon\u00eb q\u00ebndrimi dhe TV me ekran t\u00eb shesht\u00eb. Ky apartament \u00ebsht\u00eb perfekt p\u00ebr dy persona. Hotel Santa Oliva n\u00eb Ksamil ofron p\u00ebr turist\u00ebt dhoma t\u00eb mobiluara me kujdes, hap\u00ebsir\u00eb \u200b\u200bdhe pamje t\u00eb k\u00ebndshme.<\/span><\/p>\n<p>[\/vc_column_text][vc_empty_space height=&#8221;44px&#8221;][vc_btn title=&#8221;DETAJE&#8221; style=&#8221;custom&#8221; custom_background=&#8221;#848e54&#8243; custom_text=&#8221;#ffffff&#8221; shape=&#8221;square&#8221; align=&#8221;left&#8221; css=&#8221;.vc_custom_1565097167617{padding-left: 44px !important;}&#8221;][vc_empty_space height=&#8221;128px&#8221;]\t\t<\/div><\/div><\/div>[\/vc_column_inner][\/vc_row_inner][vc_row_inner][vc_column_inner width=&#8221;1\/2&#8243;][vc_single_image image=&#8221;37&#8243; img_size=&#8221;full&#8221; alignment=&#8221;center&#8221; image_hovers=&#8221;false&#8221;][\/vc_column_inner][vc_column_inner width=&#8221;1\/2&#8243;]<div class=\"ult-item-wrap\" data-animation=\"animated no-animation\"><div class=\"ult-content-box-container kuti\" >\t\t<div class=\"ult-content-box\" style=\"background-image:url(&#039;https:\/\/santaoliva.al\/wp-content\/uploads\/2019\/08\/frame.png&#039;);background-size: cover;background-repeat: repeat;background-position: center center;background-color: rgba(0, 0, 0, 0);box-shadow: px px px px none;-webkit-transition: all 700ms ease;-moz-transition: all 700ms ease;-ms-transition: all 700ms ease;-o-transition: all 700ms ease;transition: all 700ms ease;\"  data-hover_box_shadow=\"none\"    >[vc_empty_space height=&#8221;76px&#8221;][vc_custom_heading text=&#8221;Suite Junior me Tarrac\u00eb&#8221; font_container=&#8221;tag:h2|text_align:left|color:%23333333&#8243; google_fonts=&#8221;font_family:Playfair%20Display%3Aregular%2Citalic%2C700%2C700italic%2C900%2C900italic|font_style:400%20regular%3A400%3Anormal&#8221; css=&#8221;.vc_custom_1565097186763{padding-left: 44px !important;}&#8221;][vc_empty_space height=&#8221;12px&#8221;][vc_column_text css=&#8221;.vc_custom_1565097223365{padding-right: 65px !important;padding-left: 44px !important;}&#8221;]<\/p>\n<p style=\"font-family: 'Playfair Display', serif; text-align: left;\"><span style=\"color: #333333;\">Kjo suit\u00eb ka nj\u00eb ballkon, zon\u00eb q\u00ebndrimi dhe TV me ekran t\u00eb shesht\u00eb. Ky apartament \u00ebsht\u00eb perfekt p\u00ebr dy persona. Hotel Santa Oliva n\u00eb Ksamil ofron p\u00ebr turist\u00ebt dhoma t\u00eb mobiluara me kujdes, hap\u00ebsir\u00eb \u200b\u200bdhe pamje t\u00eb k\u00ebndshme.<\/span><\/p>\n<p>[\/vc_column_text][vc_empty_space height=&#8221;44px&#8221;][vc_btn title=&#8221;DETAJE&#8221; style=&#8221;custom&#8221; custom_background=&#8221;#848e54&#8243; custom_text=&#8221;#ffffff&#8221; shape=&#8221;square&#8221; align=&#8221;left&#8221; css=&#8221;.vc_custom_1565097234139{padding-left: 44px !important;}&#8221;][vc_empty_space height=&#8221;128px&#8221;]\t\t<\/div><\/div><\/div>[\/vc_column_inner][\/vc_row_inner][vc_row_inner][vc_column_inner width=&#8221;1\/2&#8243;][vc_single_image image=&#8221;42&#8243; img_size=&#8221;full&#8221; alignment=&#8221;center&#8221; image_hovers=&#8221;false&#8221;][\/vc_column_inner][vc_column_inner width=&#8221;1\/2&#8243;]<div class=\"ult-item-wrap\" data-animation=\"animated no-animation\"><div class=\"ult-content-box-container kuti\" >\t\t<div class=\"ult-content-box\" style=\"background-image:url(&#039;https:\/\/santaoliva.al\/wp-content\/uploads\/2019\/08\/frame.png&#039;);background-size: cover;background-repeat: repeat;background-position: center center;background-color: rgba(0, 0, 0, 0);box-shadow: px px px px none;-webkit-transition: all 700ms ease;-moz-transition: all 700ms ease;-ms-transition: all 700ms ease;-o-transition: all 700ms ease;transition: all 700ms ease;\"  data-hover_box_shadow=\"none\"    >[vc_empty_space height=&#8221;76px&#8221;][vc_custom_heading text=&#8221;Suite me Terrace e Pamje&#8221; font_container=&#8221;tag:h2|text_align:left|color:%23333333&#8243; google_fonts=&#8221;font_family:Playfair%20Display%3Aregular%2Citalic%2C700%2C700italic%2C900%2C900italic|font_style:400%20regular%3A400%3Anormal&#8221; css=&#8221;.vc_custom_1565097750651{padding-left: 44px !important;}&#8221;][vc_empty_space height=&#8221;12px&#8221;][vc_column_text css=&#8221;.vc_custom_1565097260511{padding-right: 65px !important;padding-left: 44px !important;}&#8221;]<\/p>\n<p style=\"font-family: 'Playfair Display', serif; text-align: left;\"><span style=\"color: #333333;\">Kjo suit\u00eb ka nj\u00eb ballkon, zon\u00eb q\u00ebndrimi dhe TV me ekran t\u00eb shesht\u00eb. Ky apartament \u00ebsht\u00eb perfekt p\u00ebr dy persona. Hotel Santa Oliva n\u00eb Ksamil ofron p\u00ebr turist\u00ebt dhoma t\u00eb mobiluara me kujdes, hap\u00ebsir\u00eb \u200b\u200bdhe pamje t\u00eb k\u00ebndshme.<\/span><\/p>\n<p>[\/vc_column_text][vc_empty_space height=&#8221;44px&#8221;][vc_btn title=&#8221;DETAJE&#8221; style=&#8221;custom&#8221; custom_background=&#8221;#848e54&#8243; custom_text=&#8221;#ffffff&#8221; shape=&#8221;square&#8221; align=&#8221;left&#8221; css=&#8221;.vc_custom_1565097272192{padding-left: 44px !important;}&#8221;][vc_empty_space height=&#8221;128px&#8221;]\t\t<\/div><\/div><\/div>[\/vc_column_inner][\/vc_row_inner]<\/div><\/div>\t\t\t<script type=\"text\/javascript\">\n\t\t\t\tjQuery(document).ready(function ($) {\n\t\t\t\t\tif( typeof jQuery('.ult-carousel-247782380769dcc86780375').slick == \"function\"){\n\t\t\t\t\t\t$('.ult-carousel-247782380769dcc86780375').slick({dots: false,autoplay: true,autoplaySpeed: \"2000\",speed: \"2000\",infinite: true,arrows: true,nextArrow: '<button type=\"button\" role=\"button\" aria-label=\"Next\" style=\"color:#333333; font-size:20px;\" class=\"slick-next default\"><i class=\"ultsl-arrow-right6\"><\/i><\/button>',prevArrow: '<button type=\"button\" role=\"button\" aria-label=\"Previous\" style=\"color:#333333; font-size:20px;\" class=\"slick-prev default\"><i class=\"ultsl-arrow-left6\"><\/i><\/button>',slidesToScroll:1,slidesToShow:1,swipe: true,draggable: true,touchMove: true,pauseOnHover: true,pauseOnFocus: false,responsive: [\n\t\t\t\t\t\t\t{\n\t\t\t\t\t\t\t  breakpoint: 1026,\n\t\t\t\t\t\t\t  settings: {\n\t\t\t\t\t\t\t\tslidesToShow: 1,\n\t\t\t\t\t\t\t\tslidesToScroll: 1,  \n\t\t\t\t\t\t\t  }\n\t\t\t\t\t\t\t},\n\t\t\t\t\t\t\t{\n\t\t\t\t\t\t\t  breakpoint: 1025,\n\t\t\t\t\t\t\t  settings: {\n\t\t\t\t\t\t\t\tslidesToShow: 1,\n\t\t\t\t\t\t\t\tslidesToScroll: 1\n\t\t\t\t\t\t\t  }\n\t\t\t\t\t\t\t},\n\t\t\t\t\t\t\t{\n\t\t\t\t\t\t\t  breakpoint: 760,\n\t\t\t\t\t\t\t  settings: {\n\t\t\t\t\t\t\t\tslidesToShow: 1,\n\t\t\t\t\t\t\t\tslidesToScroll: 1\n\t\t\t\t\t\t\t  }\n\t\t\t\t\t\t\t}\n\t\t\t\t\t\t],pauseOnDotsHover: true,customPaging: function(slider, i) {\n                   return '<i type=\"button\" style= \"color:#333333;\" class=\"ultsl-record\" data-role=\"none\"><\/i>';\n                },});\n\t\t\t\t\t}\n\t\t\t\t});\n\t\t\t<\/script>\n\t\t\t[\/vc_column][\/vc_row][vc_row][vc_column offset=&#8221;vc_hidden-lg vc_hidden-md&#8221;][vc_custom_heading text=&#8221;DHOMAT TONA&#8221; font_container=&#8221;tag:h2|text_align:center|color:%23333333&#8243; google_fonts=&#8221;font_family:Playfair%20Display%3Aregular%2Citalic%2C700%2C700italic%2C900%2C900italic|font_style:400%20regular%3A400%3Anormal&#8221; el_class=&#8221;tx&#8221;][vc_empty_space height=&#8221;22px&#8221;]<div id=\"ult-carousel-137257910269dcc86780a95\" class=\"ult-carousel-wrapper   ult_horizontal\" data-gutter=\"15\" data-rtl=\"false\" ><div class=\"ult-carousel-150008407169dcc86780a50 \" >[vc_row_inner][vc_column_inner width=&#8221;1\/2&#8243;][vc_single_image image=&#8221;43&#8243; img_size=&#8221;full&#8221; alignment=&#8221;center&#8221; image_hovers=&#8221;false&#8221;][\/vc_column_inner][vc_column_inner width=&#8221;1\/2&#8243;]<div class=\"ult-item-wrap\" data-animation=\"animated no-animation\"><div class=\"ult-content-box-container kuti\" >\t\t<div class=\"ult-content-box\" style=\"background-image:url(&#039;https:\/\/santaoliva.al\/wp-content\/uploads\/2019\/08\/frame.png&#039;);background-size: cover;background-repeat: repeat;background-position: center center;background-color: rgba(0, 0, 0, 0);box-shadow: px px px px none;-webkit-transition: all 700ms ease;-moz-transition: all 700ms ease;-ms-transition: all 700ms ease;-o-transition: all 700ms ease;transition: all 700ms ease;\"  data-hover_box_shadow=\"none\"    >[vc_empty_space height=&#8221;76px&#8221;][vc_custom_heading text=&#8221;Suite Junior me Tarrac\u00eb&#8221; font_container=&#8221;tag:h5|text_align:left|color:%23333333&#8243; google_fonts=&#8221;font_family:Playfair%20Display%3Aregular%2Citalic%2C700%2C700italic%2C900%2C900italic|font_style:700%20bold%20regular%3A700%3Anormal&#8221; css=&#8221;.vc_custom_1565097387389{padding-left: 24px !important;}&#8221;][vc_empty_space height=&#8221;12px&#8221;][vc_column_text css=&#8221;.vc_custom_1565097365366{padding-left: 24px !important;}&#8221;]<\/p>\n<p style=\"font-family: 'Playfair Display', serif; text-align: left;\"><span style=\"color: #333333;\">Ky apartament ka nj\u00eb ballkon, zon\u00eb q\u00ebndrimi dhe TV me ekran t\u00eb shesht\u00eb. Ky apartament \u00ebsht\u00eb perfekt p\u00ebr dy persona. Hotel Santa Oliva n\u00eb Ksamil ofron p\u00ebr turist\u00ebt dhoma t\u00eb mobiluara me kujdes, hap\u00ebsir\u00eb \u200b\u200bdhe pamje t\u00eb k\u00ebndshme.<\/span><\/p>\n<p>[\/vc_column_text][vc_empty_space height=&#8221;44px&#8221;][vc_btn title=&#8221;DETAJE&#8221; style=&#8221;custom&#8221; custom_background=&#8221;#848e54&#8243; custom_text=&#8221;#ffffff&#8221; shape=&#8221;square&#8221; align=&#8221;left&#8221; css=&#8221;.vc_custom_1565097373174{padding-left: 24px !important;}&#8221;][vc_empty_space height=&#8221;128px&#8221;]\t\t<\/div><\/div><\/div>[\/vc_column_inner][\/vc_row_inner][vc_row_inner][vc_column_inner width=&#8221;1\/2&#8243;][vc_single_image image=&#8221;37&#8243; img_size=&#8221;full&#8221; alignment=&#8221;center&#8221; image_hovers=&#8221;false&#8221;][\/vc_column_inner][vc_column_inner width=&#8221;1\/2&#8243;]<div class=\"ult-item-wrap\" data-animation=\"animated no-animation\"><div class=\"ult-content-box-container kuti\" >\t\t<div class=\"ult-content-box\" style=\"background-image:url(&#039;https:\/\/santaoliva.al\/wp-content\/uploads\/2019\/08\/frame.png&#039;);background-size: cover;background-repeat: repeat;background-position: center center;background-color: rgba(0, 0, 0, 0);box-shadow: px px px px none;-webkit-transition: all 700ms ease;-moz-transition: all 700ms ease;-ms-transition: all 700ms ease;-o-transition: all 700ms ease;transition: all 700ms ease;\"  data-hover_box_shadow=\"none\"    >[vc_empty_space height=&#8221;76px&#8221;][vc_custom_heading text=&#8221;Junior Suite with Terrace&#8221; font_container=&#8221;tag:h5|text_align:left|color:%23333333&#8243; google_fonts=&#8221;font_family:Playfair%20Display%3Aregular%2Citalic%2C700%2C700italic%2C900%2C900italic|font_style:700%20bold%20regular%3A700%3Anormal&#8221; css=&#8221;.vc_custom_1565017349462{padding-left: 24px !important;}&#8221;][vc_empty_space height=&#8221;12px&#8221;][vc_column_text css=&#8221;.vc_custom_1565097403231{padding-left: 24px !important;}&#8221;]<\/p>\n<p style=\"font-family: 'Playfair Display', serif; text-align: left;\"><span style=\"color: #333333;\">Kjo suit\u00eb ka nj\u00eb ballkon, zon\u00eb q\u00ebndrimi dhe TV me ekran t\u00eb shesht\u00eb. Ky apartament \u00ebsht\u00eb perfekt p\u00ebr dy persona. Hotel Santa Oliva n\u00eb Ksamil ofron p\u00ebr turist\u00ebt dhoma t\u00eb mobiluara me kujdes, hap\u00ebsir\u00eb \u200b\u200bdhe pamje t\u00eb k\u00ebndshme.<\/span><\/p>\n<p>[\/vc_column_text][vc_empty_space height=&#8221;44px&#8221;][vc_btn title=&#8221;DETAJE&#8221; style=&#8221;custom&#8221; custom_background=&#8221;#848e54&#8243; custom_text=&#8221;#ffffff&#8221; shape=&#8221;square&#8221; align=&#8221;left&#8221; css=&#8221;.vc_custom_1565097409367{padding-left: 24px !important;}&#8221;][vc_empty_space height=&#8221;128px&#8221;]\t\t<\/div><\/div><\/div>[\/vc_column_inner][\/vc_row_inner][vc_row_inner][vc_column_inner width=&#8221;1\/2&#8243;][vc_single_image image=&#8221;42&#8243; img_size=&#8221;full&#8221; alignment=&#8221;center&#8221; image_hovers=&#8221;false&#8221;][\/vc_column_inner][vc_column_inner width=&#8221;1\/2&#8243;]<div class=\"ult-item-wrap\" data-animation=\"animated no-animation\"><div class=\"ult-content-box-container kuti\" >\t\t<div class=\"ult-content-box\" style=\"background-image:url(&#039;https:\/\/santaoliva.al\/wp-content\/uploads\/2019\/08\/frame.png&#039;);background-size: cover;background-repeat: repeat;background-position: center center;background-color: rgba(0, 0, 0, 0);box-shadow: px px px px none;-webkit-transition: all 700ms ease;-moz-transition: all 700ms ease;-ms-transition: all 700ms ease;-o-transition: all 700ms ease;transition: all 700ms ease;\"  data-hover_box_shadow=\"none\"    >[vc_empty_space height=&#8221;76px&#8221;][vc_custom_heading text=&#8221;Suite me Terrace e Pamje nga Deti&#8221; font_container=&#8221;tag:h5|text_align:left|color:%23333333&#8243; google_fonts=&#8221;font_family:Playfair%20Display%3Aregular%2Citalic%2C700%2C700italic%2C900%2C900italic|font_style:700%20bold%20regular%3A700%3Anormal&#8221; css=&#8221;.vc_custom_1565097419958{padding-left: 24px !important;}&#8221;][vc_empty_space height=&#8221;12px&#8221;][vc_column_text css=&#8221;.vc_custom_1565097431243{padding-left: 24px !important;}&#8221;]<\/p>\n<p style=\"font-family: 'Playfair Display', serif; text-align: left;\"><span style=\"color: #333333;\">Kjo suit\u00eb ka nj\u00eb ballkon, zon\u00eb q\u00ebndrimi dhe TV me ekran t\u00eb shesht\u00eb. Ky apartament \u00ebsht\u00eb perfekt p\u00ebr dy persona. Hotel Santa Oliva n\u00eb Ksamil ofron p\u00ebr turist\u00ebt dhoma t\u00eb mobiluara me kujdes, hap\u00ebsir\u00eb \u200b\u200bdhe pamje t\u00eb k\u00ebndshme.<\/span><\/p>\n<p>[\/vc_column_text][vc_empty_space height=&#8221;44px&#8221;][vc_btn title=&#8221;DETAJE&#8221; style=&#8221;custom&#8221; custom_background=&#8221;#848e54&#8243; custom_text=&#8221;#ffffff&#8221; shape=&#8221;square&#8221; align=&#8221;left&#8221; css=&#8221;.vc_custom_1565097437408{padding-left: 24px !important;}&#8221;][vc_empty_space height=&#8221;128px&#8221;]\t\t<\/div><\/div><\/div>[\/vc_column_inner][\/vc_row_inner]<\/div><\/div>\t\t\t<script type=\"text\/javascript\">\n\t\t\t\tjQuery(document).ready(function ($) {\n\t\t\t\t\tif( typeof jQuery('.ult-carousel-150008407169dcc86780a50').slick == \"function\"){\n\t\t\t\t\t\t$('.ult-carousel-150008407169dcc86780a50').slick({dots: false,autoplay: true,autoplaySpeed: \"2000\",speed: \"2000\",infinite: true,arrows: true,nextArrow: '<button type=\"button\" role=\"button\" aria-label=\"Next\" style=\"color:#333333; font-size:20px;\" class=\"slick-next default\"><i class=\"ultsl-arrow-right6\"><\/i><\/button>',prevArrow: '<button type=\"button\" role=\"button\" aria-label=\"Previous\" style=\"color:#333333; font-size:20px;\" class=\"slick-prev default\"><i class=\"ultsl-arrow-left6\"><\/i><\/button>',slidesToScroll:1,slidesToShow:1,swipe: true,draggable: true,touchMove: true,pauseOnHover: true,pauseOnFocus: false,responsive: [\n\t\t\t\t\t\t\t{\n\t\t\t\t\t\t\t  breakpoint: 1026,\n\t\t\t\t\t\t\t  settings: {\n\t\t\t\t\t\t\t\tslidesToShow: 1,\n\t\t\t\t\t\t\t\tslidesToScroll: 1,  \n\t\t\t\t\t\t\t  }\n\t\t\t\t\t\t\t},\n\t\t\t\t\t\t\t{\n\t\t\t\t\t\t\t  breakpoint: 1025,\n\t\t\t\t\t\t\t  settings: {\n\t\t\t\t\t\t\t\tslidesToShow: 1,\n\t\t\t\t\t\t\t\tslidesToScroll: 1\n\t\t\t\t\t\t\t  }\n\t\t\t\t\t\t\t},\n\t\t\t\t\t\t\t{\n\t\t\t\t\t\t\t  breakpoint: 760,\n\t\t\t\t\t\t\t  settings: {\n\t\t\t\t\t\t\t\tslidesToShow: 1,\n\t\t\t\t\t\t\t\tslidesToScroll: 1\n\t\t\t\t\t\t\t  }\n\t\t\t\t\t\t\t}\n\t\t\t\t\t\t],pauseOnDotsHover: true,customPaging: function(slider, i) {\n                   return '<i type=\"button\" style= \"color:#333333;\" class=\"ultsl-record\" data-role=\"none\"><\/i>';\n                },});\n\t\t\t\t\t}\n\t\t\t\t});\n\t\t\t<\/script>\n\t\t\t[\/vc_column][\/vc_row][vc_row bg_type=&#8221;image&#8221; parallax_style=&#8221;vcpb-default&#8221; bg_image_new=&#8221;id^45|url^https:\/\/santaoliva.al\/wp-content\/uploads\/2019\/08\/background-services.jpg|caption^null|alt^null|title^null|description^null&#8221; bg_image_repeat=&#8221;no-repeat&#8221; bg_img_attach=&#8221;fixed&#8221; bg_override=&#8221;ex-full&#8221;][vc_column][vc_empty_space][vc_custom_heading text=&#8221;\u00c7FAR\u00cb OFROJM\u00cb&#8221; font_container=&#8221;tag:h2|text_align:center|color:%23333333&#8243; google_fonts=&#8221;font_family:Playfair%20Display%3Aregular%2Citalic%2C700%2C700italic%2C900%2C900italic|font_style:400%20regular%3A400%3Anormal&#8221; el_class=&#8221;tx&#8221;][vc_custom_heading text=&#8221;Shijoni Pushimet Tuaja Pran\u00eb Nesh&#8221; font_container=&#8221;tag:h2|text_align:center|color:%23848e54&#8243; google_fonts=&#8221;font_family:Alex%20Brush%3Aregular|font_style:400%20regular%3A400%3Anormal&#8221;][vc_empty_space][vc_row_inner][vc_column_inner width=&#8221;1\/4&#8243;][vc_single_image image=&#8221;47&#8243; img_size=&#8221;90X90&#8243; alignment=&#8221;center&#8221; image_hovers=&#8221;false&#8221;][vc_custom_heading text=&#8221;Parkim Falas&#8221; font_container=&#8221;tag:h4|text_align:center|color:%23333333&#8243; google_fonts=&#8221;font_family:Playfair%20Display%3Aregular%2Citalic%2C700%2C700italic%2C900%2C900italic|font_style:700%20bold%20regular%3A700%3Anormal&#8221; css=&#8221;.vc_custom_1565097505935{margin-top: -20px !important;}&#8221;][\/vc_column_inner][vc_column_inner width=&#8221;1\/4&#8243;][vc_single_image image=&#8221;49&#8243; img_size=&#8221;90X90&#8243; alignment=&#8221;center&#8221; image_hovers=&#8221;false&#8221;][vc_custom_heading text=&#8221;Wifi Falas&#8221; font_container=&#8221;tag:h4|text_align:center|color:%23333333&#8243; google_fonts=&#8221;font_family:Playfair%20Display%3Aregular%2Citalic%2C700%2C700italic%2C900%2C900italic|font_style:700%20bold%20regular%3A700%3Anormal&#8221; css=&#8221;.vc_custom_1565097512958{margin-top: -20px !important;}&#8221;][\/vc_column_inner][vc_column_inner width=&#8221;1\/4&#8243;][vc_single_image image=&#8221;48&#8243; img_size=&#8221;90X90&#8243; alignment=&#8221;center&#8221; image_hovers=&#8221;false&#8221;][vc_custom_heading text=&#8221;Plazh Privat&#8221; font_container=&#8221;tag:h4|text_align:center|color:%23333333&#8243; google_fonts=&#8221;font_family:Playfair%20Display%3Aregular%2Citalic%2C700%2C700italic%2C900%2C900italic|font_style:700%20bold%20regular%3A700%3Anormal&#8221; css=&#8221;.vc_custom_1565097519742{margin-top: -20px !important;}&#8221;][\/vc_column_inner][vc_column_inner width=&#8221;1\/4&#8243;][vc_single_image image=&#8221;50&#8243; img_size=&#8221;90X90&#8243; alignment=&#8221;center&#8221; image_hovers=&#8221;false&#8221;][vc_custom_heading text=&#8221;Dhom\u00eb Familjare&#8221; font_container=&#8221;tag:h4|text_align:center|color:%23333333&#8243; google_fonts=&#8221;font_family:Playfair%20Display%3Aregular%2Citalic%2C700%2C700italic%2C900%2C900italic|font_style:700%20bold%20regular%3A700%3Anormal&#8221; css=&#8221;.vc_custom_1565097529645{margin-top: -20px !important;}&#8221;][\/vc_column_inner][\/vc_row_inner][vc_empty_space][\/vc_column][\/vc_row][vc_row][vc_column offset=&#8221;vc_hidden-lg vc_hidden-md&#8221;][vc_empty_space height=&#8221;62px&#8221;][\/vc_column][\/vc_row][vc_row css=&#8221;.vc_custom_1565016110430{margin-top: -100px !important;margin-bottom: -160px !important;}&#8221;][vc_column offset=&#8221;vc_hidden-sm vc_hidden-xs&#8221;][vc_single_image image=&#8221;52&#8243; img_size=&#8221;full&#8221; alignment=&#8221;center&#8221; image_hovers=&#8221;false&#8221;][\/vc_column][\/vc_row]<\/p>\n<\/div>","protected":false},"excerpt":{"rendered":"<p>[vc_row bg_type=&#8221;image&#8221; parallax_style=&#8221;vcpb-default&#8221; bg_image_new=&#8221;id^33|url^https:\/\/santaoliva.al\/wp-content\/uploads\/2019\/08\/back-2.jpg|caption^null|alt^null|title^null|description^null&#8221; bg_image_repeat=&#8221;no-repeat&#8221; bg_override=&#8221;ex-full&#8221; css=&#8221;.vc_custom_1565001544897{margin-top: -70px !important;}&#8221;][vc_column][vc_empty_space][vc_custom_heading text=&#8221;SANTA OLIVA&#8221; font_container=&#8221;tag:h2|text_align:center|color:%23333333&#8243; google_fonts=&#8221;font_family:Playfair%20Display%3Aregular%2Citalic%2C700%2C700italic%2C900%2C900italic|font_style:400%20regular%3A400%3Anormal&#8221; el_class=&#8221;tx&#8221;][vc_empty_space height=&#8221;8px&#8221;][vc_custom_heading text=&#8221;Nj\u00eb Hotel me Pamje Fantastike&#8221; font_container=&#8221;tag:h2|text_align:center|color:%23848e54&#8243; google_fonts=&#8221;font_family:Alex%20Brush%3Aregular|font_style:400%20regular%3A400%3Anormal&#8221;][vc_empty_space height=&#8221;12px&#8221;][vc_row_inner][vc_column_inner width=&#8221;1\/4&#8243;][\/vc_column_inner][vc_column_inner width=&#8221;1\/2&#8243;][vc_column_text] Me nj\u00eb tarrac\u00eb dhe pamje nga deti, Santa Oliva Suites \u00ebsht\u00eb e vendosur n\u00eb Ksamil, 8 km nga Parku Komb\u00ebtar i Butrintit. Me WiFi falas, ky hotel me 4 yje&hellip;<\/p>\n","protected":false},"author":1,"featured_media":0,"parent":0,"menu_order":0,"comment_status":"closed","ping_status":"closed","template":"","meta":{"footnotes":""},"class_list":["post-156","page","type-page","status-publish","hentry","description-off"],"_links":{"self":[{"href":"https:\/\/santaoliva.al\/index.php\/wp-json\/wp\/v2\/pages\/156","targetHints":{"allow":["GET"]}}],"collection":[{"href":"https:\/\/santaoliva.al\/index.php\/wp-json\/wp\/v2\/pages"}],"about":[{"href":"https:\/\/santaoliva.al\/index.php\/wp-json\/wp\/v2\/types\/page"}],"author":[{"embeddable":true,"href":"https:\/\/santaoliva.al\/index.php\/wp-json\/wp\/v2\/users\/1"}],"replies":[{"embeddable":true,"href":"https:\/\/santaoliva.al\/index.php\/wp-json\/wp\/v2\/comments?post=156"}],"version-history":[{"count":3,"href":"https:\/\/santaoliva.al\/index.php\/wp-json\/wp\/v2\/pages\/156\/revisions"}],"predecessor-version":[{"id":158,"href":"https:\/\/santaoliva.al\/index.php\/wp-json\/wp\/v2\/pages\/156\/revisions\/158"}],"wp:attachment":[{"href":"https:\/\/santaoliva.al\/index.php\/wp-json\/wp\/v2\/media?parent=156"}],"curies":[{"name":"wp","href":"https:\/\/api.w.org\/{rel}","templated":true}]}}